{"id":99,"date":"2019-04-17T13:49:38","date_gmt":"2019-04-17T13:49:38","guid":{"rendered":"https:\/\/websitedemos.net\/alex39\/?page_id=9"},"modified":"2024-07-12T15:10:50","modified_gmt":"2024-07-12T15:10:50","slug":"home","status":"publish","type":"page","link":"https:\/\/adanuscigkoefte.de\/en\/","title":{"rendered":"Home"},"content":{"rendered":"<h2>Was ist \u00c7i\u011fk\u00f6fte?<\/h2>\t\t\t\n\t<p>Die fleischlose Weizenboulette ist eine vegane Spezialit\u00e4t aus Anatolien in der T\u00fcrkei. Um einen unverzichtbaren Genuss erzielen zu k\u00f6nnen, ist eine lange Knetzeit erforderlich. Diese Spezialit\u00e4t ist eine ziemlich gute Alternative zu Fleischgerichten. Sie beinhaltet einen hohen Anteil an C- und E-Vitaminen, die das menschliche Immunsystem erheblich st\u00e4rken. Auch Phenole und Antioxide sind zahlreich enthalten, die den Cholesteringehalt im K\u00f6rper senken k\u00f6nnen. Zudem ist diese Spezialit\u00e4t kalorienarm und kann somit auch beim Abnehmen helfen. Neben der herrlichen Geschmacksreise ist sie aufgrund des vorhandenen Weizens eine gute S\u00e4ttigungsquelle. Zutaten wie Weizen, Knoblauch, Tomatenpaste, Salz, Chili, so wie weitere verschiedene Gew\u00fcrze und Zutaten sind in dieser Spezialit\u00e4t enthalten.<\/p>\n\t\t\t<h2>Geschichte<\/h2>\t\t\t\n\t<p>Einer Sage nach soll die Mutter des Propheten Abraham \u00c7i\u011f K\u00f6fte erfunden haben, als sie nichts anderes hatte als Bulgur und das Fleisch einer Gazelle. Laut einer anderen \u00dcberlieferung wurde \u00c7i\u011f K\u00f6fte in Urfa in der Zeit Abrahams erfunden. Als Nimrod Brennholz f\u00fcr einen Scheiterhaufen sammelte, musste die Frau eines J\u00e4gers das Fleisch des gefangenen Wildes roh zubereiten. Sie mischte das Fleisch mit Bulgur, Kr\u00e4utern und Gew\u00fcrzen und zerkleinerte die Mischung mit Steinwerkzeugen, bis es schmackhaft wurde.<\/p>\n<h3>\n\t\tUnsere\n\t\tFilialen\n\t\t\t\t<\/h3>\t\n<h3>\n\t\tWedding\n\t\t\t\t<\/h3>\t\n\t<iframe src=\"https:\/\/www.google.com\/maps\/embed\/v1\/place?q=Drontheimer+Str.+4%2C+13359+Berlin&#038;key=AIzaSyD09zQ9PNDNNy9TadMuzRV_UsPUoWKntt8\" aria-hidden=\"true\"><\/iframe>\n<h3>\n\t\tKontaktiere\n\t\tuns\n\t\t\t\t<\/h3>\t\n\t<ul>\n\t\t<li><a href=\"tel:+49\u200e3049913149\" target=\"_self\" aria-label=\"Go to tel:+49\u200e3049913149\" rel=\"noopener\"><\/a>\t\t\t\t\n\t\t<h5>\u200e030 49913149<\/h5><\/li><li><a href=\"mailto:kontakt@adanuscigkoefte.de\" target=\"_self\" aria-label=\"Go to mailto:kontakt@adanuscigkoefte.de\" rel=\"noopener\"><\/a>\t\t\t\t\n\t\t<h5>kontakt@adanuscigkoefte.de<\/h5><\/li>\t<\/ul>\n<h3>\n\t\tFriedrichshain\n\t\t\t\t<\/h3>\t\n\t<iframe src=\"https:\/\/www.google.com\/maps\/embed\/v1\/place?q=Samariterstra%C3%9Fe+40%2C+10247+Berlin&#038;key=AIzaSyD09zQ9PNDNNy9TadMuzRV_UsPUoWKntt8\" aria-hidden=\"true\"><\/iframe>\n<h3>\n\t\tKontaktiere\n\t\tuns\n\t\t\t\t<\/h3>\t\n\t<ul>\n\t\t<li><a href=\"tel:+49\u200e3028855470\" target=\"_self\" aria-label=\"Go to tel:+49\u200e3028855470\" rel=\"noopener\"><\/a>\t\t\t\t\n\t\t<h5>\u200e030 28855470<\/h5><\/li><li><a href=\"mailto:kontakt@adanuscigkoefte.de\" target=\"_self\" aria-label=\"Go to mailto:kontakt@adanuscigkoefte.de\" rel=\"noopener\"><\/a>\t\t\t\t\n\t\t<h5>kontakt@adanuscigkoefte.de<\/h5><\/li>\t<\/ul>\n<h3>\n\t\tFolge\n\t\tuns\n\t\t\t\t<\/h3>","protected":false},"excerpt":{"rendered":"<p>Was ist \u00c7i\u011fk\u00f6fte? Die fleischlose Weizenboulette ist eine vegane Spezialit\u00e4t aus Anatolien in der T\u00fcrkei. Um einen unverzichtbaren Genuss erzielen zu k\u00f6nnen, ist eine lange Knetzeit erforderlich. Diese Spezialit\u00e4t ist eine ziemlich gute Alternative zu Fleischgerichten. Sie beinhaltet einen hohen Anteil an C- und E-Vitaminen, die das menschliche Immunsystem erheblich st\u00e4rken. Auch Phenole und Antioxide [&hellip;]<\/p>\n","protected":false},"author":1,"featured_media":0,"parent":0,"menu_order":0,"comment_status":"closed","ping_status":"closed","template":"","meta":{"_monsterinsights_skip_tracking":false,"_monsterinsights_sitenote_active":false,"_monsterinsights_sitenote_note":"","_monsterinsights_sitenote_category":0,"site-sidebar-layout":"no-sidebar","site-content-layout":"page-builder","ast-site-content-layout":"default","site-content-style":"default","site-sidebar-style":"default","ast-global-header-display":"","ast-banner-title-visibility":"","ast-main-header-display":"","ast-hfb-above-header-display":"","ast-hfb-below-header-display":"","ast-hfb-mobile-header-display":"","site-post-title":"disabled","ast-breadcrumbs-content":"disabled","ast-featured-img":"disabled","footer-sml-layout":"","ast-disable-related-posts":"","theme-transparent-header-meta":"enabled","adv-header-id-meta":"","stick-header-meta":"default","header-above-stick-meta":"","header-main-stick-meta":"","header-below-stick-meta":"","astra-migrate-meta-layouts":"default","ast-page-background-enabled":"default","ast-page-background-meta":{"desktop":{"background-color":"","background-image":"","background-repeat":"repeat","background-position":"center center","background-size":"auto","background-attachment":"scroll","background-type":"","background-media":"","overlay-type":"","overlay-color":"","overlay-opacity":"","overlay-gradient":""},"tablet":{"background-color":"","background-image":"","background-repeat":"repeat","background-position":"center center","background-size":"auto","background-attachment":"scroll","background-type":"","background-media":"","overlay-type":"","overlay-color":"","overlay-opacity":"","overlay-gradient":""},"mobile":{"background-color":"","background-image":"","background-repeat":"repeat","background-position":"center center","background-size":"auto","background-attachment":"scroll","background-type":"","background-media":"","overlay-type":"","overlay-color":"","overlay-opacity":"","overlay-gradient":""}},"ast-content-background-meta":{"desktop":{"background-color":"var(--ast-global-color-5)","background-image":"","background-repeat":"repeat","background-position":"center center","background-size":"auto","background-attachment":"scroll","background-type":"","background-media":"","overlay-type":"","overlay-color":"","overlay-opacity":"","overlay-gradient":""},"tablet":{"background-color":"var(--ast-global-color-5)","background-image":"","background-repeat":"repeat","background-position":"center center","background-size":"auto","background-attachment":"scroll","background-type":"","background-media":"","overlay-type":"","overlay-color":"","overlay-opacity":"","overlay-gradient":""},"mobile":{"background-color":"var(--ast-global-color-5)","background-image":"","background-repeat":"repeat","background-position":"center center","background-size":"auto","background-attachment":"scroll","background-type":"","background-media":"","overlay-type":"","overlay-color":"","overlay-opacity":"","overlay-gradient":""}},"footnotes":""},"class_list":["post-99","page","type-page","status-publish","hentry"],"yoast_head":"<!-- This site is optimized with the Yoast SEO plugin v27.4 - https:\/\/yoast.com\/product\/yoast-seo-wordpress\/ -->\n<title>Home - Adanus \u00c7i\u011fk\u00f6fte<\/title>\n<meta name=\"robots\" content=\"index, follow, max-snippet:-1, max-image-preview:large, max-video-preview:-1\" \/>\n<link rel=\"canonical\" href=\"https:\/\/adanuscigkoefte.de\/en\/\" \/>\n<meta property=\"og:locale\" content=\"en_GB\" \/>\n<meta property=\"og:type\" content=\"article\" \/>\n<meta property=\"og:title\" content=\"Home - Adanus \u00c7i\u011fk\u00f6fte\" \/>\n<meta property=\"og:description\" content=\"Was ist \u00c7i\u011fk\u00f6fte? Die fleischlose Weizenboulette ist eine vegane Spezialit\u00e4t aus Anatolien in der T\u00fcrkei. Um einen unverzichtbaren Genuss erzielen zu k\u00f6nnen, ist eine lange Knetzeit erforderlich. Diese Spezialit\u00e4t ist eine ziemlich gute Alternative zu Fleischgerichten. Sie beinhaltet einen hohen Anteil an C- und E-Vitaminen, die das menschliche Immunsystem erheblich st\u00e4rken. Auch Phenole und Antioxide [&hellip;]\" \/>\n<meta property=\"og:url\" content=\"https:\/\/adanuscigkoefte.de\/en\/\" \/>\n<meta property=\"og:site_name\" content=\"Adanus \u00c7i\u011fk\u00f6fte\" \/>\n<meta property=\"article:publisher\" content=\"https:\/\/www.facebook.com\/stefan.genrich.18\" \/>\n<meta property=\"article:modified_time\" content=\"2024-07-12T15:10:50+00:00\" \/>\n<meta name=\"twitter:card\" content=\"summary_large_image\" \/>\n<meta name=\"twitter:label1\" content=\"Estimated reading time\" \/>\n\t<meta name=\"twitter:data1\" content=\"4 minutes\" \/>\n<script type=\"application\/ld+json\" class=\"yoast-schema-graph\">{\"@context\":\"https:\\\/\\\/schema.org\",\"@graph\":[{\"@type\":\"WebPage\",\"@id\":\"https:\\\/\\\/adanuscigkoefte.de\\\/\",\"url\":\"https:\\\/\\\/adanuscigkoefte.de\\\/\",\"name\":\"Home - Adanus \u00c7i\u011fk\u00f6fte\",\"isPartOf\":{\"@id\":\"https:\\\/\\\/adanuscigkoefte.de\\\/#website\"},\"datePublished\":\"2019-04-17T13:49:38+00:00\",\"dateModified\":\"2024-07-12T15:10:50+00:00\",\"breadcrumb\":{\"@id\":\"https:\\\/\\\/adanuscigkoefte.de\\\/#breadcrumb\"},\"inLanguage\":\"en-GB\",\"potentialAction\":[{\"@type\":\"ReadAction\",\"target\":[\"https:\\\/\\\/adanuscigkoefte.de\\\/\"]}]},{\"@type\":\"BreadcrumbList\",\"@id\":\"https:\\\/\\\/adanuscigkoefte.de\\\/#breadcrumb\",\"itemListElement\":[{\"@type\":\"ListItem\",\"position\":1,\"name\":\"Startseite\",\"item\":\"https:\\\/\\\/adanuscigkoefte.de\\\/\"},{\"@type\":\"ListItem\",\"position\":2,\"name\":\"Home\"}]},{\"@type\":\"WebSite\",\"@id\":\"https:\\\/\\\/adanuscigkoefte.de\\\/#website\",\"url\":\"https:\\\/\\\/adanuscigkoefte.de\\\/\",\"name\":\"Adanus \u00c7i\u011fk\u00f6fte\",\"description\":\"\",\"publisher\":{\"@id\":\"https:\\\/\\\/adanuscigkoefte.de\\\/#organization\"},\"potentialAction\":[{\"@type\":\"SearchAction\",\"target\":{\"@type\":\"EntryPoint\",\"urlTemplate\":\"https:\\\/\\\/adanuscigkoefte.de\\\/?s={search_term_string}\"},\"query-input\":{\"@type\":\"PropertyValueSpecification\",\"valueRequired\":true,\"valueName\":\"search_term_string\"}}],\"inLanguage\":\"en-GB\"},{\"@type\":\"Organization\",\"@id\":\"https:\\\/\\\/adanuscigkoefte.de\\\/#organization\",\"name\":\"Adanus \u00c7i\u011fk\u00f6fte\",\"url\":\"https:\\\/\\\/adanuscigkoefte.de\\\/\",\"logo\":{\"@type\":\"ImageObject\",\"inLanguage\":\"en-GB\",\"@id\":\"https:\\\/\\\/adanuscigkoefte.de\\\/#\\\/schema\\\/logo\\\/image\\\/\",\"url\":\"https:\\\/\\\/adanuscigkoefte.de\\\/wp-content\\\/uploads\\\/2021\\\/03\\\/cropped-logo_465x320.png\",\"contentUrl\":\"https:\\\/\\\/adanuscigkoefte.de\\\/wp-content\\\/uploads\\\/2021\\\/03\\\/cropped-logo_465x320.png\",\"width\":465,\"height\":225,\"caption\":\"Adanus \u00c7i\u011fk\u00f6fte\"},\"image\":{\"@id\":\"https:\\\/\\\/adanuscigkoefte.de\\\/#\\\/schema\\\/logo\\\/image\\\/\"},\"sameAs\":[\"https:\\\/\\\/www.facebook.com\\\/stefan.genrich.18\",\"https:\\\/\\\/www.instagram.com\\\/stef_zo\\\/?hl=de\",\"https:\\\/\\\/www.youtube.com\\\/channel\\\/UCcYZV33PSLqxAJ74axnfNXQ\"]}]}<\/script>\n<!-- \/ Yoast SEO plugin. -->","yoast_head_json":{"title":"Home - Adanus \u00c7i\u011fk\u00f6fte","robots":{"index":"index","follow":"follow","max-snippet":"max-snippet:-1","max-image-preview":"max-image-preview:large","max-video-preview":"max-video-preview:-1"},"canonical":"https:\/\/adanuscigkoefte.de\/en\/","og_locale":"en_GB","og_type":"article","og_title":"Home - Adanus \u00c7i\u011fk\u00f6fte","og_description":"Was ist \u00c7i\u011fk\u00f6fte? Die fleischlose Weizenboulette ist eine vegane Spezialit\u00e4t aus Anatolien in der T\u00fcrkei. Um einen unverzichtbaren Genuss erzielen zu k\u00f6nnen, ist eine lange Knetzeit erforderlich. Diese Spezialit\u00e4t ist eine ziemlich gute Alternative zu Fleischgerichten. Sie beinhaltet einen hohen Anteil an C- und E-Vitaminen, die das menschliche Immunsystem erheblich st\u00e4rken. Auch Phenole und Antioxide [&hellip;]","og_url":"https:\/\/adanuscigkoefte.de\/en\/","og_site_name":"Adanus \u00c7i\u011fk\u00f6fte","article_publisher":"https:\/\/www.facebook.com\/stefan.genrich.18","article_modified_time":"2024-07-12T15:10:50+00:00","twitter_card":"summary_large_image","twitter_misc":{"Estimated reading time":"4 minutes"},"schema":{"@context":"https:\/\/schema.org","@graph":[{"@type":"WebPage","@id":"https:\/\/adanuscigkoefte.de\/","url":"https:\/\/adanuscigkoefte.de\/","name":"Home - Adanus \u00c7i\u011fk\u00f6fte","isPartOf":{"@id":"https:\/\/adanuscigkoefte.de\/#website"},"datePublished":"2019-04-17T13:49:38+00:00","dateModified":"2024-07-12T15:10:50+00:00","breadcrumb":{"@id":"https:\/\/adanuscigkoefte.de\/#breadcrumb"},"inLanguage":"en-GB","potentialAction":[{"@type":"ReadAction","target":["https:\/\/adanuscigkoefte.de\/"]}]},{"@type":"BreadcrumbList","@id":"https:\/\/adanuscigkoefte.de\/#breadcrumb","itemListElement":[{"@type":"ListItem","position":1,"name":"Startseite","item":"https:\/\/adanuscigkoefte.de\/"},{"@type":"ListItem","position":2,"name":"Home"}]},{"@type":"WebSite","@id":"https:\/\/adanuscigkoefte.de\/#website","url":"https:\/\/adanuscigkoefte.de\/","name":"Adanus \u00c7i\u011fk\u00f6fte","description":"","publisher":{"@id":"https:\/\/adanuscigkoefte.de\/#organization"},"potentialAction":[{"@type":"SearchAction","target":{"@type":"EntryPoint","urlTemplate":"https:\/\/adanuscigkoefte.de\/?s={search_term_string}"},"query-input":{"@type":"PropertyValueSpecification","valueRequired":true,"valueName":"search_term_string"}}],"inLanguage":"en-GB"},{"@type":"Organization","@id":"https:\/\/adanuscigkoefte.de\/#organization","name":"Adanus \u00c7i\u011fk\u00f6fte","url":"https:\/\/adanuscigkoefte.de\/","logo":{"@type":"ImageObject","inLanguage":"en-GB","@id":"https:\/\/adanuscigkoefte.de\/#\/schema\/logo\/image\/","url":"https:\/\/adanuscigkoefte.de\/wp-content\/uploads\/2021\/03\/cropped-logo_465x320.png","contentUrl":"https:\/\/adanuscigkoefte.de\/wp-content\/uploads\/2021\/03\/cropped-logo_465x320.png","width":465,"height":225,"caption":"Adanus \u00c7i\u011fk\u00f6fte"},"image":{"@id":"https:\/\/adanuscigkoefte.de\/#\/schema\/logo\/image\/"},"sameAs":["https:\/\/www.facebook.com\/stefan.genrich.18","https:\/\/www.instagram.com\/stef_zo\/?hl=de","https:\/\/www.youtube.com\/channel\/UCcYZV33PSLqxAJ74axnfNXQ"]}]}},"_links":{"self":[{"href":"https:\/\/adanuscigkoefte.de\/en\/wp-json\/wp\/v2\/pages\/99","targetHints":{"allow":["GET"]}}],"collection":[{"href":"https:\/\/adanuscigkoefte.de\/en\/wp-json\/wp\/v2\/pages"}],"about":[{"href":"https:\/\/adanuscigkoefte.de\/en\/wp-json\/wp\/v2\/types\/page"}],"author":[{"embeddable":true,"href":"https:\/\/adanuscigkoefte.de\/en\/wp-json\/wp\/v2\/users\/1"}],"replies":[{"embeddable":true,"href":"https:\/\/adanuscigkoefte.de\/en\/wp-json\/wp\/v2\/comments?post=99"}],"version-history":[{"count":177,"href":"https:\/\/adanuscigkoefte.de\/en\/wp-json\/wp\/v2\/pages\/99\/revisions"}],"predecessor-version":[{"id":597,"href":"https:\/\/adanuscigkoefte.de\/en\/wp-json\/wp\/v2\/pages\/99\/revisions\/597"}],"wp:attachment":[{"href":"https:\/\/adanuscigkoefte.de\/en\/wp-json\/wp\/v2\/media?parent=99"}],"curies":[{"name":"wp","href":"https:\/\/api.w.org\/{rel}","templated":true}]}}